{"id":317,"date":"2020-08-20T21:56:42","date_gmt":"2020-08-20T21:56:42","guid":{"rendered":"https:\/\/refleksosgb.com\/web\/?page_id=317"},"modified":"2020-08-30T20:28:31","modified_gmt":"2020-08-30T20:28:31","slug":"isyeri-hekimligi","status":"publish","type":"page","link":"https:\/\/refleksosgb.com\/web\/isyeri-hekimligi\/","title":{"rendered":"\u0130\u015eYER\u0130 HEK\u0130ML\u0130\u011e\u0130"},"content":{"rendered":"\t\t<div data-elementor-type=\"wp-page\" data-elementor-id=\"317\" class=\"elementor elementor-317\" data-elementor-settings=\"[]\">\n\t\t\t<div class=\"elementor-inner\">\n\t\t\t\t<div class=\"elementor-section-wrap\">\n\t\t\t\t\t\t\t<section data-particle_enable=\"false\" data-particle-mobile-disabled=\"false\" class=\"elementor-element elementor-element-258b079 elementor-section-boxed elementor-section-height-default elementor-section-height-default elementor-section elementor-top-section\" data-id=\"258b079\" data-element_type=\"section\">\n\t\t\t\t\t\t<div class=\"elementor-container elementor-column-gap-default\">\n\t\t\t\t<div class=\"elementor-row\">\n\t\t\t\t<div class=\"elementor-element elementor-element-e169496 elementor-column elementor-col-100 elementor-top-column\" data-id=\"e169496\" data-element_type=\"column\">\n\t\t\t<div class=\"elementor-column-wrap  elementor-element-populated\">\n\t\t\t\t\t<div class=\"elementor-widget-wrap\">\n\t\t\t\t<div class=\"elementor-element elementor-element-230a8547 elementor-hidden-desktop elementor-hidden-tablet elementor-widget elementor-widget-image\" data-id=\"230a8547\" data-element_type=\"widget\" data-widget_type=\"image.default\">\n\t\t\t\t<div class=\"elementor-widget-container\">\n\t\t\t\t\t<div class=\"elementor-image\">\n\t\t\t\t\t\t\t\t\t\t<img loading=\"lazy\" decoding=\"async\" width=\"744\" height=\"380\" src=\"https:\/\/refleksosgb.com\/web\/wp-content\/uploads\/2020\/08\/isyeri-hekimi.jpg\" class=\"attachment-full size-full\" alt=\"\" srcset=\"https:\/\/refleksosgb.com\/web\/wp-content\/uploads\/2020\/08\/isyeri-hekimi.jpg 744w, https:\/\/refleksosgb.com\/web\/wp-content\/uploads\/2020\/08\/isyeri-hekimi-300x153.jpg 300w, https:\/\/refleksosgb.com\/web\/wp-content\/uploads\/2020\/08\/isyeri-hekimi-260x133.jpg 260w, https:\/\/refleksosgb.com\/web\/wp-content\/uploads\/2020\/08\/isyeri-hekimi-50x26.jpg 50w, https:\/\/refleksosgb.com\/web\/wp-content\/uploads\/2020\/08\/isyeri-hekimi-147x75.jpg 147w\" sizes=\"auto, (max-width: 744px) 100vw, 744px\" \/>\t\t\t\t\t\t\t\t\t\t\t<\/div>\n\t\t\t\t<\/div>\n\t\t\t\t<\/div>\n\t\t\t\t\t\t<\/div>\n\t\t\t<\/div>\n\t\t<\/div>\n\t\t\t\t\t\t<\/div>\n\t\t\t<\/div>\n\t\t<\/section>\n\t\t\t\t<section data-particle_enable=\"false\" data-particle-mobile-disabled=\"false\" class=\"elementor-element elementor-element-77dcb3c5 elementor-section-full_width elementor-section-height-full elementor-section-height-default elementor-section-items-middle elementor-section elementor-top-section\" data-id=\"77dcb3c5\" data-element_type=\"section\" data-settings=\"{&quot;background_background&quot;:&quot;gradient&quot;}\">\n\t\t\t\t\t\t<div class=\"elementor-container elementor-column-gap-default\">\n\t\t\t\t<div class=\"elementor-row\">\n\t\t\t\t<div class=\"elementor-element elementor-element-5701e27a elementor-column elementor-col-50 elementor-top-column\" data-id=\"5701e27a\" data-element_type=\"column\" data-settings=\"{&quot;background_background&quot;:&quot;classic&quot;}\">\n\t\t\t<div class=\"elementor-column-wrap  elementor-element-populated\">\n\t\t\t\t\t<div class=\"elementor-widget-wrap\">\n\t\t\t\t<div class=\"elementor-element elementor-element-2dac336a elementor-widget elementor-widget-heading\" data-id=\"2dac336a\" data-element_type=\"widget\" data-widget_type=\"heading.default\">\n\t\t\t\t<div class=\"elementor-widget-container\">\n\t\t\t<h2 class=\"elementor-heading-title elementor-size-default\">04<\/h2>\t\t<\/div>\n\t\t\t\t<\/div>\n\t\t\t\t<div class=\"elementor-element elementor-element-3d10c0a0 elementor-widget elementor-widget-heading\" data-id=\"3d10c0a0\" data-element_type=\"widget\" data-widget_type=\"heading.default\">\n\t\t\t\t<div class=\"elementor-widget-container\">\n\t\t\t<h2 class=\"elementor-heading-title elementor-size-default\">Hizmetlerimiz<\/h2>\t\t<\/div>\n\t\t\t\t<\/div>\n\t\t\t\t<div class=\"elementor-element elementor-element-4f54473e elementor-widget elementor-widget-heading\" data-id=\"4f54473e\" data-element_type=\"widget\" data-widget_type=\"heading.default\">\n\t\t\t\t<div class=\"elementor-widget-container\">\n\t\t\t<h2 class=\"elementor-heading-title elementor-size-default\">\u0130\u015eYER\u0130 HEK\u0130ML\u0130\u011e\u0130<\/h2>\t\t<\/div>\n\t\t\t\t<\/div>\n\t\t\t\t<div class=\"elementor-element elementor-element-2dbc17bf elementor-widget elementor-widget-text-editor\" data-id=\"2dbc17bf\" data-element_type=\"widget\" data-widget_type=\"text-editor.default\">\n\t\t\t\t<div class=\"elementor-widget-container\">\n\t\t\t\t\t<div class=\"elementor-text-editor elementor-clearfix\"><p>Firmalar\u0131n yasal y\u00fck\u00fcml\u00fcl\u00fckleri do\u011frultusunda g\u00f6revlendirilen \u0130\u015fyeri Hekimleri, i\u015f sa\u011fl\u0131\u011f\u0131 ve g\u00fcvenli\u011fi hizmetleri kapsam\u0131nda \u00e7al\u0131\u015fanlar\u0131n sa\u011fl\u0131k g\u00f6zetimi ve \u00e7al\u0131\u015fma ortam\u0131n\u0131n g\u00f6zetimi ile ilgili i\u015fverenlere rehberlik yapar.<\/p><\/div>\n\t\t\t\t<\/div>\n\t\t\t\t<\/div>\n\t\t\t\t\t\t<\/div>\n\t\t\t<\/div>\n\t\t<\/div>\n\t\t\t\t<div class=\"elementor-element elementor-element-48d66109 elementor-column elementor-col-50 elementor-top-column\" data-id=\"48d66109\" data-element_type=\"column\" data-settings=\"{&quot;background_background&quot;:&quot;classic&quot;}\">\n\t\t\t<div class=\"elementor-column-wrap  elementor-element-populated\">\n\t\t\t\t\t<div class=\"elementor-widget-wrap\">\n\t\t\t\t<div class=\"elementor-element elementor-element-b0c14b7 elementor-hidden-phone elementor-widget elementor-widget-image\" data-id=\"b0c14b7\" data-element_type=\"widget\" data-widget_type=\"image.default\">\n\t\t\t\t<div class=\"elementor-widget-container\">\n\t\t\t\t\t<div class=\"elementor-image\">\n\t\t\t\t\t\t\t\t\t\t<img loading=\"lazy\" decoding=\"async\" width=\"744\" height=\"380\" src=\"https:\/\/refleksosgb.com\/web\/wp-content\/uploads\/2020\/08\/isyeri-hekimi.jpg\" class=\"attachment-full size-full\" alt=\"\" srcset=\"https:\/\/refleksosgb.com\/web\/wp-content\/uploads\/2020\/08\/isyeri-hekimi.jpg 744w, https:\/\/refleksosgb.com\/web\/wp-content\/uploads\/2020\/08\/isyeri-hekimi-300x153.jpg 300w, https:\/\/refleksosgb.com\/web\/wp-content\/uploads\/2020\/08\/isyeri-hekimi-260x133.jpg 260w, https:\/\/refleksosgb.com\/web\/wp-content\/uploads\/2020\/08\/isyeri-hekimi-50x26.jpg 50w, https:\/\/refleksosgb.com\/web\/wp-content\/uploads\/2020\/08\/isyeri-hekimi-147x75.jpg 147w\" sizes=\"auto, (max-width: 744px) 100vw, 744px\" \/>\t\t\t\t\t\t\t\t\t\t\t<\/div>\n\t\t\t\t<\/div>\n\t\t\t\t<\/div>\n\t\t\t\t<div class=\"elementor-element elementor-element-503c9fbe elementor-widget elementor-widget-divider\" data-id=\"503c9fbe\" data-element_type=\"widget\" data-widget_type=\"divider.default\">\n\t\t\t\t<div class=\"elementor-widget-container\">\n\t\t\t\t\t<div class=\"elementor-divider\">\n\t\t\t<span class=\"elementor-divider-separator\">\n\t\t\t\t\t\t<\/span>\n\t\t<\/div>\n\t\t\t\t<\/div>\n\t\t\t\t<\/div>\n\t\t\t\t\t\t<\/div>\n\t\t\t<\/div>\n\t\t<\/div>\n\t\t\t\t\t\t<\/div>\n\t\t\t<\/div>\n\t\t<\/section>\n\t\t\t\t\t\t<\/div>\n\t\t\t<\/div>\n\t\t<\/div>\n\t\t","protected":false},"excerpt":{"rendered":"<p>04 Hizmetlerimiz \u0130\u015eYER\u0130 HEK\u0130ML\u0130\u011e\u0130 Firmalar\u0131n yasal y\u00fck\u00fcml\u00fcl\u00fckleri do\u011frultusunda g\u00f6revlendirilen \u0130\u015fyeri Hekimleri, i\u015f sa\u011fl\u0131\u011f\u0131 ve g\u00fcvenli\u011fi hizmetleri kapsam\u0131nda \u00e7al\u0131\u015fanlar\u0131n sa\u011fl\u0131k g\u00f6zetimi ve \u00e7al\u0131\u015fma ortam\u0131n\u0131n g\u00f6zetimi ile ilgili<span class=\"excerpt-hellip\"> [\u2026]<\/span><\/p>\n","protected":false},"author":1,"featured_media":0,"parent":0,"menu_order":0,"comment_status":"closed","ping_status":"closed","template":"","meta":{"_joinchat":[],"footnotes":""},"class_list":["post-317","page","type-page","status-publish","hentry"],"_links":{"self":[{"href":"https:\/\/refleksosgb.com\/web\/wp-json\/wp\/v2\/pages\/317","targetHints":{"allow":["GET"]}}],"collection":[{"href":"https:\/\/refleksosgb.com\/web\/wp-json\/wp\/v2\/pages"}],"about":[{"href":"https:\/\/refleksosgb.com\/web\/wp-json\/wp\/v2\/types\/page"}],"author":[{"embeddable":true,"href":"https:\/\/refleksosgb.com\/web\/wp-json\/wp\/v2\/users\/1"}],"replies":[{"embeddable":true,"href":"https:\/\/refleksosgb.com\/web\/wp-json\/wp\/v2\/comments?post=317"}],"version-history":[{"count":6,"href":"https:\/\/refleksosgb.com\/web\/wp-json\/wp\/v2\/pages\/317\/revisions"}],"predecessor-version":[{"id":682,"href":"https:\/\/refleksosgb.com\/web\/wp-json\/wp\/v2\/pages\/317\/revisions\/682"}],"wp:attachment":[{"href":"https:\/\/refleksosgb.com\/web\/wp-json\/wp\/v2\/media?parent=317"}],"curies":[{"name":"wp","href":"https:\/\/api.w.org\/{rel}","templated":true}]}}