{"id":325,"date":"2020-08-20T22:05:00","date_gmt":"2020-08-20T22:05:00","guid":{"rendered":"https:\/\/refleksosgb.com\/web\/?page_id=325"},"modified":"2020-10-14T21:50:15","modified_gmt":"2020-10-14T21:50:15","slug":"is-guvenligi-egitimleri","status":"publish","type":"page","link":"https:\/\/refleksosgb.com\/web\/is-guvenligi-egitimleri\/","title":{"rendered":"\u0130\u015e G\u00dcVENL\u0130\u011e\u0130 E\u011e\u0130T\u0130MLER\u0130"},"content":{"rendered":"<p><img decoding=\"async\" width=\"799\" height=\"553\" src=\"https:\/\/refleksosgb.com\/web\/wp-content\/uploads\/2015\/01\/home_finance_about_us.jpg\" alt=\"\" loading=\"lazy\" srcset=\"https:\/\/refleksosgb.com\/web\/wp-content\/uploads\/2015\/01\/home_finance_about_us.jpg 799w, https:\/\/refleksosgb.com\/web\/wp-content\/uploads\/2015\/01\/home_finance_about_us-300x208.jpg 300w, https:\/\/refleksosgb.com\/web\/wp-content\/uploads\/2015\/01\/home_finance_about_us-768x532.jpg 768w, https:\/\/refleksosgb.com\/web\/wp-content\/uploads\/2015\/01\/home_finance_about_us-211x146.jpg 211w, https:\/\/refleksosgb.com\/web\/wp-content\/uploads\/2015\/01\/home_finance_about_us-50x35.jpg 50w, https:\/\/refleksosgb.com\/web\/wp-content\/uploads\/2015\/01\/home_finance_about_us-108x75.jpg 108w\" sizes=\"auto, (max-width: 799px) 100vw, 799px\"><\/p>\n<h2>05<\/h2>\n<h2>Hizmetlerimiz<\/h2>\n<h2>\u0130\u015e G\u00dcVENL\u0130\u011e\u0130 E\u011e\u0130T\u0130MLER\u0130<\/h2>\n<p>\u0130\u015fveren, \u00e7al\u0131\u015fanlar\u0131n i\u015f sa\u011fl\u0131\u011f\u0131 ve g\u00fcvenli\u011fi e\u011fitimlerini almas\u0131n\u0131 sa\u011flar. Bu e\u011fitim \u00f6zellikle; i\u015fe ba\u015flamadan \u00f6nce, \u00e7al\u0131\u015fma yeri veya i\u015f de\u011fi\u015fikli\u011finde, i\u015f ekipman\u0131n\u0131n de\u011fi\u015fmesi h\u00e2linde veya yeni teknoloji uygulanmas\u0131 h\u00e2linde verilir. E\u011fitimler, de\u011fi\u015fen ve ortaya \u00e7\u0131kan yeni risklere uygun olarak yenilenir, gerekti\u011finde ve d\u00fczenli aral\u0131klarla tekrarlan\u0131r.<\/p>\n<p><img decoding=\"async\" width=\"799\" height=\"553\" src=\"https:\/\/refleksosgb.com\/web\/wp-content\/uploads\/2015\/01\/home_finance_about_us.jpg\" alt=\"\" loading=\"lazy\" srcset=\"https:\/\/refleksosgb.com\/web\/wp-content\/uploads\/2015\/01\/home_finance_about_us.jpg 799w, https:\/\/refleksosgb.com\/web\/wp-content\/uploads\/2015\/01\/home_finance_about_us-300x208.jpg 300w, https:\/\/refleksosgb.com\/web\/wp-content\/uploads\/2015\/01\/home_finance_about_us-768x532.jpg 768w, https:\/\/refleksosgb.com\/web\/wp-content\/uploads\/2015\/01\/home_finance_about_us-211x146.jpg 211w, https:\/\/refleksosgb.com\/web\/wp-content\/uploads\/2015\/01\/home_finance_about_us-50x35.jpg 50w, https:\/\/refleksosgb.com\/web\/wp-content\/uploads\/2015\/01\/home_finance_about_us-108x75.jpg 108w\" sizes=\"auto, (max-width: 799px) 100vw, 799px\"><\/p>\n","protected":false},"excerpt":{"rendered":"<p>05 Hizmetlerimiz \u0130\u015e G\u00dcVENL\u0130\u011e\u0130 E\u011e\u0130T\u0130MLER\u0130 \u0130\u015fveren, \u00e7al\u0131\u015fanlar\u0131n i\u015f sa\u011fl\u0131\u011f\u0131 ve g\u00fcvenli\u011fi e\u011fitimlerini almas\u0131n\u0131 sa\u011flar. Bu e\u011fitim \u00f6zellikle; i\u015fe ba\u015flamadan \u00f6nce, \u00e7al\u0131\u015fma yeri veya i\u015f de\u011fi\u015fikli\u011finde, i\u015f<span class=\"excerpt-hellip\"> [\u2026]<\/span><\/p>\n","protected":false},"author":1,"featured_media":0,"parent":0,"menu_order":0,"comment_status":"closed","ping_status":"closed","template":"","meta":{"_joinchat":[],"footnotes":""},"class_list":["post-325","page","type-page","status-publish","hentry"],"_links":{"self":[{"href":"https:\/\/refleksosgb.com\/web\/wp-json\/wp\/v2\/pages\/325","targetHints":{"allow":["GET"]}}],"collection":[{"href":"https:\/\/refleksosgb.com\/web\/wp-json\/wp\/v2\/pages"}],"about":[{"href":"https:\/\/refleksosgb.com\/web\/wp-json\/wp\/v2\/types\/page"}],"author":[{"embeddable":true,"href":"https:\/\/refleksosgb.com\/web\/wp-json\/wp\/v2\/users\/1"}],"replies":[{"embeddable":true,"href":"https:\/\/refleksosgb.com\/web\/wp-json\/wp\/v2\/comments?post=325"}],"version-history":[{"count":6,"href":"https:\/\/refleksosgb.com\/web\/wp-json\/wp\/v2\/pages\/325\/revisions"}],"predecessor-version":[{"id":801,"href":"https:\/\/refleksosgb.com\/web\/wp-json\/wp\/v2\/pages\/325\/revisions\/801"}],"wp:attachment":[{"href":"https:\/\/refleksosgb.com\/web\/wp-json\/wp\/v2\/media?parent=325"}],"curies":[{"name":"wp","href":"https:\/\/api.w.org\/{rel}","templated":true}]}}