{"id":390,"date":"2020-08-22T10:41:03","date_gmt":"2020-08-22T10:41:03","guid":{"rendered":"https:\/\/refleksosgb.com\/web\/?page_id=390"},"modified":"2020-08-22T11:50:57","modified_gmt":"2020-08-22T11:50:57","slug":"online-hizmetler-nace-tehlike-sinifi-ogrenme","status":"publish","type":"page","link":"https:\/\/refleksosgb.com\/web\/online-hizmetler-nace-tehlike-sinifi-ogrenme\/","title":{"rendered":"Online Hizmetler &#8211; NACE, TEHL\u0130KE SINIFI \u00d6\u011eRENME"},"content":{"rendered":"\t\t<div data-elementor-type=\"wp-page\" data-elementor-id=\"390\" class=\"elementor elementor-390\" data-elementor-settings=\"[]\">\n\t\t\t<div class=\"elementor-inner\">\n\t\t\t\t<div class=\"elementor-section-wrap\">\n\t\t\t\t\t\t\t<section data-particle_enable=\"false\" data-particle-mobile-disabled=\"false\" class=\"elementor-element elementor-element-d2e5687 elementor-section-stretched elementor-section-full_width elementor-section-height-default elementor-section-height-default elementor-section elementor-top-section\" data-id=\"d2e5687\" data-element_type=\"section\" data-settings=\"{&quot;stretch_section&quot;:&quot;section-stretched&quot;,&quot;background_background&quot;:&quot;classic&quot;}\">\n\t\t\t\t\t\t\t<div class=\"elementor-background-overlay\"><\/div>\n\t\t\t\t\t\t\t<div class=\"elementor-container elementor-column-gap-default\">\n\t\t\t\t<div class=\"elementor-row\">\n\t\t\t\t<div class=\"elementor-element elementor-element-3610694 elementor-column elementor-col-100 elementor-top-column\" data-id=\"3610694\" data-element_type=\"column\">\n\t\t\t<div class=\"elementor-column-wrap  elementor-element-populated\">\n\t\t\t\t\t<div class=\"elementor-widget-wrap\">\n\t\t\t\t<div class=\"elementor-element elementor-element-eb7093f elementor-widget elementor-widget-heading\" data-id=\"eb7093f\" data-element_type=\"widget\" data-widget_type=\"heading.default\">\n\t\t\t\t<div class=\"elementor-widget-container\">\n\t\t\t<h2 class=\"elementor-heading-title elementor-size-xl\">\u0130\u015f Sa\u011fl\u0131\u011f\u0131 Ve G\u00fcvenli\u011fine \u0130li\u015fkin \n\u0130\u015fyeri Tehlike S\u0131n\u0131flar\u0131 Tebli\u011fi<\/h2>\t\t<\/div>\n\t\t\t\t<\/div>\n\t\t\t\t\t\t<\/div>\n\t\t\t<\/div>\n\t\t<\/div>\n\t\t\t\t\t\t<\/div>\n\t\t\t<\/div>\n\t\t<\/section>\n\t\t\t\t<section data-particle_enable=\"false\" data-particle-mobile-disabled=\"false\" class=\"elementor-element elementor-element-7da5a7f5 elementor-section-content-middle envato-kit-141-top-0 elementor-section-boxed elementor-section-height-default elementor-section-height-default elementor-section elementor-top-section\" data-id=\"7da5a7f5\" data-element_type=\"section\">\n\t\t\t\t\t\t\t<div class=\"elementor-background-overlay\"><\/div>\n\t\t\t\t\t\t\t<div class=\"elementor-container elementor-column-gap-wide\">\n\t\t\t\t<div class=\"elementor-row\">\n\t\t\t\t<div class=\"elementor-element elementor-element-725f061e elementor-column elementor-col-100 elementor-top-column\" data-id=\"725f061e\" data-element_type=\"column\">\n\t\t\t<div class=\"elementor-column-wrap  elementor-element-populated\">\n\t\t\t\t\t<div class=\"elementor-widget-wrap\">\n\t\t\t\t<div class=\"elementor-element elementor-element-2d9ac640 elementor-invisible elementor-widget elementor-widget-divider\" data-id=\"2d9ac640\" data-element_type=\"widget\" data-settings=\"{&quot;_animation&quot;:&quot;fadeIn&quot;,&quot;_animation_delay&quot;:300}\" data-widget_type=\"divider.default\">\n\t\t\t\t<div class=\"elementor-widget-container\">\n\t\t\t\t\t<div class=\"elementor-divider\">\n\t\t\t<span class=\"elementor-divider-separator\">\n\t\t\t\t\t\t<\/span>\n\t\t<\/div>\n\t\t\t\t<\/div>\n\t\t\t\t<\/div>\n\t\t\t\t<div class=\"elementor-element elementor-element-05996e9 elementor-widget elementor-widget-text-editor\" data-id=\"05996e9\" data-element_type=\"widget\" data-widget_type=\"text-editor.default\">\n\t\t\t\t<div class=\"elementor-widget-container\">\n\t\t\t\t\t<div class=\"elementor-text-editor elementor-clearfix\"><p style=\"font-weight: 400;\"><strong>MADDE 1 \u2013<\/strong>\u00a0(1) 20\/6\/2012 tarihli ve 6331 say\u0131l\u0131 \u0130\u015f Sa\u011fl\u0131\u011f\u0131 ve G\u00fcvenli\u011fi Kanununun 9 uncu maddesi uyar\u0131nca i\u015fyerlerinin i\u015f sa\u011fl\u0131\u011f\u0131 ve g\u00fcvenli\u011fi a\u00e7\u0131s\u0131ndan yer ald\u0131\u011f\u0131 tehlike s\u0131n\u0131flar\u0131 Ek-1\u2019de yer alan \u0130\u015fyeri Tehlike S\u0131n\u0131flar\u0131 Listesinde belirtilmi\u015ftir.<\/p><p style=\"font-weight: 400;\"><strong>MADDE 2 \u2013<\/strong>\u00a0(1) Tehlike s\u0131n\u0131f\u0131n\u0131n tespitinde bir i\u015fyerinde y\u00fcr\u00fct\u00fclen as\u0131l i\u015fin tehlike s\u0131n\u0131f\u0131 dikkate al\u0131n\u0131r.<\/p><p style=\"font-weight: 400;\">(2) \u0130\u015fveren as\u0131l i\u015f faaliyet de\u011fi\u015fikli\u011fini en ge\u00e7 bir ay i\u00e7erisinde \u00c7al\u0131\u015fma ve Sosyal G\u00fcvenlik Bakanl\u0131\u011f\u0131na bildirir.<\/p><p style=\"font-weight: 400;\">(3) As\u0131l i\u015fin tayininde teredd\u00fcde d\u00fc\u015f\u00fclmesi halinde i\u015fyerinin kurulu\u015f amac\u0131na bak\u0131l\u0131r. \u0130\u015fyerinde birden fazla as\u0131l i\u015f tan\u0131m\u0131na uygun faaliyetin y\u00fcr\u00fct\u00fclmesi halinde, bu i\u015flerden tehlike s\u0131n\u0131f\u0131 y\u00fcksek olan i\u015f esas al\u0131n\u0131r. 6331 say\u0131l\u0131 Kanunun i\u015fyeri tan\u0131m\u0131na giren i\u015fyerlerinde yap\u0131lan as\u0131l i\u015fin yan\u0131nda veya devam\u0131 niteli\u011finde faaliyet alan\u0131n\u0131n geni\u015fletilmesi halinde o i\u015fyerinde bu f\u0131krada esas al\u0131nan kurala g\u00f6re belirlenir.<\/p><p style=\"font-weight: 400;\"><strong>MADDE 3 \u2013<\/strong>\u00a0(1) \u0130\u015fyeri tehlike s\u0131n\u0131f\u0131na yap\u0131lan itirazlar \u00c7al\u0131\u015fma ve Sosyal G\u00fcvenlik Bakanl\u0131\u011f\u0131nca de\u011ferlendirilir. De\u011ferlendirme, Bakanl\u0131k tescil kay\u0131tlar\u0131 \u00fczerinden ve i\u015fyerinin tesciline esas al\u0131nan as\u0131l i\u015f dikkate al\u0131narak sonu\u00e7land\u0131r\u0131l\u0131r.<\/p><p style=\"font-weight: 400;\">(2) Gerekli g\u00f6r\u00fclmedik\u00e7e i\u015fyerlerinde yap\u0131lan as\u0131l i\u015fe ili\u015fkin inceleme yap\u0131lmaz.<\/p><p style=\"font-weight: 400;\">(3) Bakanl\u0131k\u00e7a yap\u0131lan denetim ve incelemelerde i\u015fyerinde yap\u0131lan as\u0131l i\u015fin tescil kay\u0131tlar\u0131ndan farkl\u0131 olmas\u0131 halinde, denetim ve incelemeye ili\u015fkin kay\u0131tlar dikkate al\u0131narak i\u015fyeri tehlike s\u0131n\u0131f\u0131 yeniden belirlenebilir.<\/p><p style=\"font-weight: 400;\">(4) Al\u0131nan karar i\u015fyerine tebli\u011f edilir. Karar\u0131n i\u015fyerinin tehlike s\u0131n\u0131f\u0131 de\u011fi\u015fikli\u011fine neden olmas\u0131 halinde tehlike s\u0131n\u0131f\u0131n\u0131n gerektirdi\u011fi i\u015f ve i\u015flemleri, i\u015fverenler 90 g\u00fcn i\u00e7inde yerine getirmek ve \u0130\u015f Sa\u011fl\u0131\u011f\u0131 ve G\u00fcvenli\u011fi Genel M\u00fcd\u00fcrl\u00fc\u011f\u00fcne bildirmek zorundad\u0131r.<\/p><p style=\"font-weight: 400;\">(5) \u0130\u015fyeri Tehlike S\u0131n\u0131flar\u0131 Listesindeki faaliyet kodunun tehlike s\u0131n\u0131f\u0131na ait itirazlardan, \u0130\u015f Sa\u011fl\u0131\u011f\u0131 ve G\u00fcvenli\u011fi Genel M\u00fcd\u00fcrl\u00fc\u011f\u00fc taraf\u0131ndan olu\u015fturulacak Komisyonda al\u0131nacak karar sonucunda, itiraza ili\u015fkin faaliyet kodunun tehlike s\u0131n\u0131f\u0131n\u0131n de\u011fi\u015fmesi halinde bu Tebli\u011fde gerekli de\u011fi\u015fiklik yap\u0131l\u0131r.<\/p><p style=\"font-weight: 400;\"><strong>MADDE 4 \u2013<\/strong>\u00a0(1) 25\/11\/2009 tarihli ve 27417 say\u0131l\u0131 Resm\u00ee Gazete\u2019de yay\u0131mlanan \u0130\u015f Sa\u011fl\u0131\u011f\u0131 ve G\u00fcvenli\u011fine \u0130li\u015fkin Tehlike S\u0131n\u0131flar\u0131 Listesi Tebli\u011fi y\u00fcr\u00fcrl\u00fckten kald\u0131r\u0131lm\u0131\u015ft\u0131r.<\/p><p style=\"font-weight: 400;\"><strong>MADDE 5 \u2013<\/strong>\u00a0(1) Bu Tebli\u011f yay\u0131m\u0131 tarihinde y\u00fcr\u00fcrl\u00fc\u011fe girer.<\/p><p style=\"font-weight: 400;\"><strong>MADDE 6 \u2013<\/strong>\u00a0(1) Bu Tebli\u011f h\u00fck\u00fcmlerini \u00c7al\u0131\u015fma ve Sosyal G\u00fcvenlik Bakan\u0131 y\u00fcr\u00fct\u00fcr.<\/p><p style=\"font-weight: 400;\"><em>____________<\/em><\/p><p style=\"font-weight: 400;\"><em><sup>(1)<\/sup><\/em><em>\u00a0Dan\u0131\u015ftay Onuncu Dairesinin 21\/3\/2019 tarihli ve Esas No: 2013\/903 say\u0131l\u0131 karar\u0131 ile Tebli\u011fin ekinde yer alan 23.32.01 kodu ile tan\u0131mlanan ve \u00e7ok tehlikeli olarak g\u00f6sterilen \u201cF\u0131r\u0131nlanm\u0131\u015f, ate\u015fe dayan\u0131kl\u0131 olmayan kil ve topraktan baca k\u00fcnkleri ve ba\u015fl\u0131klar\u0131, \u015f\u00f6mine ve baca borular\u0131, oluklar ve ba\u011flant\u0131 par\u00e7alar\u0131 ile tu\u011fla, kiremit, karo vb. in\u015faat malzemeleri imalat\u0131 (seramikten oluklar, borular ve ba\u011flant\u0131 par\u00e7alar\u0131 dahil)\u201d ibaresindeki \u201ctu\u011fla\u201d ve \u201ckiremit\u201d ibarelerinin iptaline karar verilmi\u015ftir.<\/em><\/p><p style=\"font-weight: 400;\"><em><sup>(2)<\/sup><\/em><em>\u00a0Dan\u0131\u015ftay Onuncu Dairesinin 23\/5\/2019 tarihli ve Esas No: 2017\/998; Karar No:2019\/4369 say\u0131l\u0131 karar\u0131 ile Tebli\u011fin ekinde yer alan \u0130\u015fyeri Tehlike S\u0131n\u0131flar\u0131 Listesinde 82.20.01 kodlu \u201c\u00e7a\u011fr\u0131 merkezlerinin faaliyetleri\u201d nin \u201ctehlikeli\u201d s\u0131n\u0131ftan \u201caz tehlikeli\u201d s\u0131n\u0131fa d\u00f6n\u00fc\u015ft\u00fcr\u00fclmesine ili\u015fkin k\u0131sm\u0131n\u0131n iptaline karar verilmi\u015ftir.<\/em><\/p><p style=\"font-weight: 400;\">\u00a0<\/p><\/div>\n\t\t\t\t<\/div>\n\t\t\t\t<\/div>\n\t\t\t\t<div class=\"elementor-element elementor-element-60744b8 elementor-widget elementor-widget-eael-creative-button\" data-id=\"60744b8\" data-element_type=\"widget\" data-widget_type=\"eael-creative-button.default\">\n\t\t\t\t<div class=\"elementor-widget-container\">\n\t\t\t\t<div class=\"eael-creative-button-wrapper\">\n\n\t\t<a class=\"eael-creative-button eael-creative-button--ujarak\" href=\"https:\/\/www.mevzuat.gov.tr\/mevzuatmetin\/yonetmelik\/9.5.16909-Ek.xls\" data-text=\"Go!\">\n\n\t\t\t<div class=\"creative-button-inner\">\n\n\t\t\t\t\t\t\t\t\t\t\t\t\t\t\t\t\t\t\t\t\t\t\t\t\t\t\t\t\t\t\t\t\t\t\t\t\t\n\t\t\t\t<span class=\"cretive-button-text\">EK-1 \u0130\u015fyeri Tehlike S\u0131n\u0131flar\u0131 Listesi<\/span>\n\n\t\t\t\t\n\t\t\t<\/div>\n\t\t<\/a>\n\t<\/div>\n\t\t\t<\/div>\n\t\t\t\t<\/div>\n\t\t\t\t\t\t<\/div>\n\t\t\t<\/div>\n\t\t<\/div>\n\t\t\t\t\t\t<\/div>\n\t\t\t<\/div>\n\t\t<\/section>\n\t\t\t\t\t\t<\/div>\n\t\t\t<\/div>\n\t\t<\/div>\n\t\t","protected":false},"excerpt":{"rendered":"<p>\u0130\u015f Sa\u011fl\u0131\u011f\u0131 Ve G\u00fcvenli\u011fine \u0130li\u015fkin \u0130\u015fyeri Tehlike S\u0131n\u0131flar\u0131 Tebli\u011fi MADDE 1 \u2013\u00a0(1) 20\/6\/2012 tarihli ve 6331 say\u0131l\u0131 \u0130\u015f Sa\u011fl\u0131\u011f\u0131 ve G\u00fcvenli\u011fi Kanununun 9 uncu maddesi uyar\u0131nca<span class=\"excerpt-hellip\"> [\u2026]<\/span><\/p>\n","protected":false},"author":1,"featured_media":0,"parent":0,"menu_order":0,"comment_status":"closed","ping_status":"closed","template":"","meta":{"_joinchat":[],"footnotes":""},"class_list":["post-390","page","type-page","status-publish","hentry"],"_links":{"self":[{"href":"https:\/\/refleksosgb.com\/web\/wp-json\/wp\/v2\/pages\/390","targetHints":{"allow":["GET"]}}],"collection":[{"href":"https:\/\/refleksosgb.com\/web\/wp-json\/wp\/v2\/pages"}],"about":[{"href":"https:\/\/refleksosgb.com\/web\/wp-json\/wp\/v2\/types\/page"}],"author":[{"embeddable":true,"href":"https:\/\/refleksosgb.com\/web\/wp-json\/wp\/v2\/users\/1"}],"replies":[{"embeddable":true,"href":"https:\/\/refleksosgb.com\/web\/wp-json\/wp\/v2\/comments?post=390"}],"version-history":[{"count":12,"href":"https:\/\/refleksosgb.com\/web\/wp-json\/wp\/v2\/pages\/390\/revisions"}],"predecessor-version":[{"id":409,"href":"https:\/\/refleksosgb.com\/web\/wp-json\/wp\/v2\/pages\/390\/revisions\/409"}],"wp:attachment":[{"href":"https:\/\/refleksosgb.com\/web\/wp-json\/wp\/v2\/media?parent=390"}],"curies":[{"name":"wp","href":"https:\/\/api.w.org\/{rel}","templated":true}]}}