{"id":410,"date":"2020-08-22T11:52:28","date_gmt":"2020-08-22T11:52:28","guid":{"rendered":"https:\/\/refleksosgb.com\/web\/?page_id=410"},"modified":"2020-08-30T21:06:39","modified_gmt":"2020-08-30T21:06:39","slug":"online-hizmetler-hizmet-suresi-hesaplama","status":"publish","type":"page","link":"https:\/\/refleksosgb.com\/web\/online-hizmetler-hizmet-suresi-hesaplama\/","title":{"rendered":"Online Hizmetler &#8211; H\u0130ZMET S\u00dcRES\u0130 HESAPLAMA"},"content":{"rendered":"\t\t<div data-elementor-type=\"wp-page\" data-elementor-id=\"410\" class=\"elementor elementor-410\" data-elementor-settings=\"[]\">\n\t\t\t<div class=\"elementor-inner\">\n\t\t\t\t<div class=\"elementor-section-wrap\">\n\t\t\t\t\t\t\t<section data-particle_enable=\"false\" data-particle-mobile-disabled=\"false\" class=\"elementor-element elementor-element-d2e5687 elementor-section-stretched elementor-section-full_width elementor-section-height-default elementor-section-height-default elementor-section elementor-top-section\" data-id=\"d2e5687\" data-element_type=\"section\" data-settings=\"{&quot;stretch_section&quot;:&quot;section-stretched&quot;,&quot;background_background&quot;:&quot;classic&quot;}\">\n\t\t\t\t\t\t\t<div class=\"elementor-background-overlay\"><\/div>\n\t\t\t\t\t\t\t<div class=\"elementor-container elementor-column-gap-default\">\n\t\t\t\t<div class=\"elementor-row\">\n\t\t\t\t<div class=\"elementor-element elementor-element-3610694 elementor-column elementor-col-100 elementor-top-column\" data-id=\"3610694\" data-element_type=\"column\">\n\t\t\t<div class=\"elementor-column-wrap  elementor-element-populated\">\n\t\t\t\t\t<div class=\"elementor-widget-wrap\">\n\t\t\t\t<div class=\"elementor-element elementor-element-eb7093f elementor-widget elementor-widget-heading\" data-id=\"eb7093f\" data-element_type=\"widget\" data-widget_type=\"heading.default\">\n\t\t\t\t<div class=\"elementor-widget-container\">\n\t\t\t<h2 class=\"elementor-heading-title elementor-size-xl\">Hizmet S\u00fcresi Hesaplama<\/h2>\t\t<\/div>\n\t\t\t\t<\/div>\n\t\t\t\t\t\t<\/div>\n\t\t\t<\/div>\n\t\t<\/div>\n\t\t\t\t\t\t<\/div>\n\t\t\t<\/div>\n\t\t<\/section>\n\t\t\t\t<section data-particle_enable=\"false\" data-particle-mobile-disabled=\"false\" class=\"elementor-element elementor-element-7da5a7f5 elementor-section-content-middle envato-kit-141-top-0 elementor-section-stretched elementor-section-boxed elementor-section-height-default elementor-section-height-default elementor-section elementor-top-section\" data-id=\"7da5a7f5\" data-element_type=\"section\" data-settings=\"{&quot;stretch_section&quot;:&quot;section-stretched&quot;}\">\n\t\t\t\t\t\t\t<div class=\"elementor-background-overlay\"><\/div>\n\t\t\t\t\t\t\t<div class=\"elementor-container elementor-column-gap-wide\">\n\t\t\t\t<div class=\"elementor-row\">\n\t\t\t\t<div class=\"elementor-element elementor-element-725f061e elementor-column elementor-col-100 elementor-top-column\" data-id=\"725f061e\" data-element_type=\"column\">\n\t\t\t<div class=\"elementor-column-wrap  elementor-element-populated\">\n\t\t\t\t\t<div class=\"elementor-widget-wrap\">\n\t\t\t\t<div class=\"elementor-element elementor-element-ad9b5c5 elementor-headline--style-highlight elementor-widget elementor-widget-animated-headline\" data-id=\"ad9b5c5\" data-element_type=\"widget\" data-settings=\"{&quot;highlighted_text&quot;:&quot; \\u00c7al\\u0131\\u015fma S\\u00fcresi&quot;,&quot;headline_style&quot;:&quot;highlight&quot;,&quot;marker&quot;:&quot;circle&quot;}\" data-widget_type=\"animated-headline.default\">\n\t\t\t\t<div class=\"elementor-widget-container\">\n\t\t\t\t\t<h3 class=\"elementor-headline\">\n\t\t\t\t\t\t\t<span class=\"elementor-headline-plain-text elementor-headline-text-wrapper\">\u0130\u015f G\u00fcvenli\u011fi Uzman\u0131<\/span>\n\t\t\t\t\t\t<span class=\"elementor-headline-dynamic-wrapper elementor-headline-text-wrapper\"><\/span>\n\t\t\t\t\t\t\t<span class=\"elementor-headline-plain-text elementor-headline-text-wrapper\"> Hesaplama<\/span>\n\t\t\t\t\t<\/h3>\n\t\t\t\t<\/div>\n\t\t\t\t<\/div>\n\t\t\t\t\t\t<\/div>\n\t\t\t<\/div>\n\t\t<\/div>\n\t\t\t\t\t\t<\/div>\n\t\t\t<\/div>\n\t\t<\/section>\n\t\t\t\t<section data-particle_enable=\"false\" data-particle-mobile-disabled=\"false\" class=\"elementor-element elementor-element-a3a7ff2 elementor-section-boxed elementor-section-height-default elementor-section-height-default elementor-section elementor-top-section\" data-id=\"a3a7ff2\" data-element_type=\"section\">\n\t\t\t\t\t\t<div class=\"elementor-container elementor-column-gap-default\">\n\t\t\t\t<div class=\"elementor-row\">\n\t\t\t\t<div class=\"elementor-element elementor-element-795b25e elementor-column elementor-col-100 elementor-top-column\" data-id=\"795b25e\" data-element_type=\"column\">\n\t\t\t<div class=\"elementor-column-wrap  elementor-element-populated\">\n\t\t\t\t\t<div class=\"elementor-widget-wrap\">\n\t\t\t\t<section data-particle_enable=\"false\" data-particle-mobile-disabled=\"false\" class=\"elementor-element elementor-element-e7a38bc elementor-section-boxed elementor-section-height-default elementor-section-height-default elementor-section elementor-inner-section\" data-id=\"e7a38bc\" data-element_type=\"section\" data-settings=\"{&quot;background_background&quot;:&quot;classic&quot;}\">\n\t\t\t\t\t\t<div class=\"elementor-container elementor-column-gap-default\">\n\t\t\t\t<div class=\"elementor-row\">\n\t\t\t\t<div class=\"elementor-element elementor-element-0d7858e elementor-column elementor-col-50 elementor-inner-column\" data-id=\"0d7858e\" data-element_type=\"column\">\n\t\t\t<div class=\"elementor-column-wrap  elementor-element-populated\">\n\t\t\t\t\t<div class=\"elementor-widget-wrap\">\n\t\t\t\t<div class=\"elementor-element elementor-element-9d6eaf6 elementor-widget elementor-widget-html\" data-id=\"9d6eaf6\" data-element_type=\"widget\" data-widget_type=\"html.default\">\n\t\t\t\t<div class=\"elementor-widget-container\">\n\t\t\t<style>\r\ninput{\r\n  width: 100%;\r\n  padding: 12px 20px;\r\n  margin: 8px 0;\r\n  box-sizing: border-box\r\n  font-family: \"Montserrat\", Sans-serif;\r\n    font-size: 16px;\r\n    text-transform: uppercase;\r\n    border-style: solid;\r\n\tborder-color: red;\r\n    border-width: 1px 1px 1px 1px;\r\n    border-radius: 5px 5px 5px 5px;\r\n    padding: 15px 50px 15px 50px;\r\n}\r\n\r\n<\/style>\r\n\r\n<div style=\"\">\r\n    \u00c7al\u0131\u015fan Say\u0131n\u0131z\u0131 Girin:\r\n    <input type=\"text\" id=\"calisan_sayisi\" onKeyPress=\"return numbersonly(this, event)\" placeholder=\"\" style=\"\">\r\n\t\r\n<\/div>\t\t<\/div>\n\t\t\t\t<\/div>\n\t\t\t\t\t\t<\/div>\n\t\t\t<\/div>\n\t\t<\/div>\n\t\t\t\t<div class=\"elementor-element elementor-element-b73a117 elementor-column elementor-col-50 elementor-inner-column\" data-id=\"b73a117\" data-element_type=\"column\">\n\t\t\t<div class=\"elementor-column-wrap  elementor-element-populated\">\n\t\t\t\t\t<div class=\"elementor-widget-wrap\">\n\t\t\t\t<div class=\"elementor-element elementor-element-be8ff64 elementor-widget elementor-widget-html\" data-id=\"be8ff64\" data-element_type=\"widget\" data-widget_type=\"html.default\">\n\t\t\t\t<div class=\"elementor-widget-container\">\n\t\t\t<style>\r\n.btn-success {\r\n        font-family: \"Montserrat\", Sans-serif;\r\n    font-size: 16px;\r\n    text-transform: uppercase;\r\n    border-style: solid;\r\n\tborder-color: black;\r\n    border-width: 1px 1px 1px 1px;\r\n    border-radius: 5px 5px 5px 5px;\r\n    padding: 15px 50px 15px 50px;\r\n    margin: auto;\r\n}\r\n\r\n<\/style>\r\n\r\n<div class=\"eael-creative-button-wrapper\">\r\n\r\n\t\t<a class=\"eael-creative-button eael-creative-button--default\" \r\n\t\t\r\n\t\t\r\n\t\t\r\n\t\thref=\"javascript:void(0);\" onClick=\"hesapla();\">\r\n\r\n\t\t\t<div class=\"creative-button-inner\">\r\n\r\n\t\t\t\t\t\t\t\t\t\t\t\t\t\t\t\t\t\t\t\t\t\t\t\t\t\t\t\t\t\t\t\t\t\t\t\t\t\r\n\t\t\t\t<span class=\"btn-success\">Hesapla<\/span>\r\n\r\n\t\t\t\t\r\n\t\t\t<\/div>\r\n\t\t<\/a>\r\n\t<\/div>\t\t<\/div>\n\t\t\t\t<\/div>\n\t\t\t\t\t\t<\/div>\n\t\t\t<\/div>\n\t\t<\/div>\n\t\t\t\t\t\t<\/div>\n\t\t\t<\/div>\n\t\t<\/section>\n\t\t\t\t<div class=\"elementor-element elementor-element-b0505df elementor-widget elementor-widget-html\" data-id=\"b0505df\" data-element_type=\"widget\" data-widget_type=\"html.default\">\n\t\t\t\t<div class=\"elementor-widget-container\">\n\t\t\t<script type=\"text\/javascript\" src=\"https:\/\/ajax.googleapis.com\/ajax\/libs\/jquery\/2.2.4\/jquery.min.js\"><\/script>\r\n\r\n<script type=\"text\/javascript\">\r\nfunction numbersonly(myfield, e, dec)\r\n{\r\nvar key;\r\nvar keychar;\r\n\r\nif (window.event)\r\n   key = window.event.keyCode;\r\nelse if (e)\r\n   key = e.which;\r\nelse\r\n   return true;\r\nkeychar = String.fromCharCode(key);\r\n\r\n\/\/ control keys\r\nif ((key==null) || (key==0) || (key==8) || \r\n    (key==9) || (key==13) || (key==27) )\r\n   return true;\r\n\r\n\/\/ numbers\r\nelse if (((\"0123456789\").indexOf(keychar) > -1))\r\n   return true;\r\n\r\n\/\/ decimal point jump\r\nelse if (dec && (keychar == \".\"))\r\n   {\r\n   myfield.form.elements[dec].focus();\r\n   return false;\r\n   }\r\nelse\r\n   return false;\r\n}\r\n<\/SCRIPT>\r\n\r\n\r\n\r\n<table class=\"hesap\">\r\n  <tr>\r\n    <td>\r\n    \r\n    <\/td>\r\n  <\/tr>\r\n<\/table>\r\n<div class=\"pd\">\r\n<table border=\"0\" cellpadding=\"0\" cellspacing=\"0\" class=\"tb1\">\r\n    <tr>\r\n        <th width=\"25%\">\u0130\u015eYER\u0130 TEHL\u0130KE SINIFI<\/th>\r\n        <th width=\"25%\" class=\"bg1\">\u0130\u015eYER\u0130 HEK\u0130M\u0130<\/th>\r\n        <th width=\"25%\" class=\"bg2\">\u0130\u015e G\u00dcVENL\u0130\u011e\u0130 UZMANI<\/th>\r\n        <th width=\"25%\" class=\"bg3\">D\u0130\u011eER SA\u011eLIK PERSONEL\u0130<\/th>\r\n    <\/tr>\r\n    <tr>\r\n        <td><b>AZ TEHL\u0130KEL\u0130<\/b><\/td>\r\n        <td class=\"a1\">0<\/td>\r\n        <td class=\"b1\">0<\/td>\r\n        <td class=\"c1\">-<\/td>\r\n    <\/tr>\r\n    <tr>\r\n        <td><b>TEHL\u0130KEL\u0130<\/b><\/td>\r\n        <td class=\"a2\">0<\/td>\r\n        <td class=\"b2\">0<\/td>\r\n        <td class=\"c2\">-<\/td>\r\n    <\/tr>\r\n    <tr>\r\n        <td><b>\u00c7OK TEHL\u0130KEL\u0130<\/b><\/td>\r\n        <td class=\"a3\">0<\/td>\r\n        <td class=\"b3\">0<\/td>\r\n        <td class=\"c3\">0<\/td>\r\n    <\/tr>\r\n<\/table><br>\r\n\r\n\r\n\r\n<script type=\"text\/javascript\">\r\nfunction hesapla(){\r\n$.ajaxSettings.cache = false;\r\nvar calisan_sayisi = $(\"#calisan_sayisi\").val();\r\n\r\nfunction sure(s) {\r\n\t\r\n\tif(s>60){\r\n\t\tsaat=Math.floor(s\/60);\r\n\t\tdk=s-(saat*60);\r\n\t\tif(dk==0){sonuc= saat +' saat';}else{sonuc= saat +' saat '+ dk + ' dk' ;}\r\n\t}\r\n\telse{sonuc= s +' dk';}\r\n    return sonuc; \r\n}\r\n\r\n\r\nif (calisan_sayisi.length > 0)\r\n{\r\n\t\/\/ -------------------\r\n\ta1=(calisan_sayisi*5)\r\n\ta2=(calisan_sayisi*10)\r\n\ta3=(calisan_sayisi*15)\r\n\t$(\".a1\").html(sure(a1)+\" \/Ay\");\r\n\t$(\".a2\").html(sure(a2)+\" \/Ay\");\r\n\t$(\".a3\").html(sure(a3)+\" \/Ay\");\r\n\t\r\n\t\r\n\t\/\/ -------------------\r\n\t\r\n\t\r\n\t\r\n\ta1=(calisan_sayisi*10)\r\n\ta2=(calisan_sayisi*20)\r\n\ta3=(calisan_sayisi*40)\r\n\t$(\".b1\").html(sure(a1)+\" \/Ay\");\r\n\t$(\".b2\").html(sure(a2)+\" \/Ay\");\r\n\t$(\".b3\").html(sure(a3)+\" \/Ay\");\r\n\t\r\n\t\r\n\t\/\/ -------------------\r\n\t\r\n\tif(calisan_sayisi>9 && calisan_sayisi<50){\r\n\t\t\r\n\t\t$(\".c3\").html(sure(calisan_sayisi*10)+\" \/Ay\");\r\n\t}\r\n\telse if(calisan_sayisi>49 && calisan_sayisi<250){\r\n\t\t\r\n\t\t$(\".c3\").html(sure(calisan_sayisi*15)+\" \/Ay\");\r\n\t}\r\n\telse if(calisan_sayisi>249){\r\n\t\t\r\n\t\t$(\".c3\").html(sure(calisan_sayisi*20)+\" \/Ay\");\r\n\t}\r\n\telse\r\n\t{\r\n\t\t$(\".c3\").html(\"-\");\r\n\t}\r\n\t\r\n\t\r\n\t\r\n\t\r\n}\r\n}\r\n<\/script>\t\t<\/div>\n\t\t\t\t<\/div>\n\t\t\t\t\t\t<\/div>\n\t\t\t<\/div>\n\t\t<\/div>\n\t\t\t\t\t\t<\/div>\n\t\t\t<\/div>\n\t\t<\/section>\n\t\t\t\t<section data-particle_enable=\"false\" data-particle-mobile-disabled=\"false\" class=\"elementor-element elementor-element-100df5b elementor-section-boxed elementor-section-height-default elementor-section-height-default elementor-section elementor-top-section\" data-id=\"100df5b\" data-element_type=\"section\">\n\t\t\t\t\t\t<div class=\"elementor-container elementor-column-gap-default\">\n\t\t\t\t<div class=\"elementor-row\">\n\t\t\t\t<div class=\"elementor-element elementor-element-20f43cf elementor-column elementor-col-100 elementor-top-column\" data-id=\"20f43cf\" data-element_type=\"column\">\n\t\t\t<div class=\"elementor-column-wrap  elementor-element-populated\">\n\t\t\t\t\t<div class=\"elementor-widget-wrap\">\n\t\t\t\t<div class=\"elementor-element elementor-element-9a25e71 elementor-widget elementor-widget-text-editor\" data-id=\"9a25e71\" data-element_type=\"widget\" data-widget_type=\"text-editor.default\">\n\t\t\t\t<div class=\"elementor-widget-container\">\n\t\t\t\t\t<div class=\"elementor-text-editor elementor-clearfix\"><p><b>Az tehlikeli s\u0131n\u0131fta yer alan;<\/b>\u00a01000 ve \u00fczerinde i\u015f\u00e7i \u00e7al\u0131\u015ft\u0131r\u0131lan i\u015fyerlerinde tam g\u00fcn \u00e7al\u0131\u015facak bir i\u015fyeri hekimi\/i\u015f g\u00fcvenli\u011fi uzman\u0131 ile yukar\u0131daki kriterlere uygun yeteri kadar i\u015fyeri hekimi\/i\u015f g\u00fcvenli\u011fi uzman\u0131 eklenir.<br \/><br \/><b>Tehlikeli s\u0131n\u0131fta yer alan;<\/b>\u00a0500 ve \u00fczerinde i\u015f\u00e7i \u00e7al\u0131\u015ft\u0131r\u0131lan i\u015fyerlerinde tam g\u00fcn \u00e7al\u0131\u015facak bir i\u015fyeri hekimi\/i\u015f g\u00fcvenli\u011fi uzman\u0131 ile yukar\u0131daki kriterlere uygun yeteri kadar i\u015fyeri hekimi \/ i\u015f g\u00fcvenli\u011fi uzman\u0131 eklenir.<br \/><br \/><b>\u00c7ok tehlikeli s\u0131n\u0131fta yer alan;<\/b>\u00a0250 ve \u00fczerinde i\u015f\u00e7i \u00e7al\u0131\u015ft\u0131r\u0131lan i\u015fyerlerinde tam g\u00fcn \u00e7al\u0131\u015facak bir i\u015fyeri hekimi\/i\u015f g\u00fcvenli\u011fi uzman\u0131 ile yukar\u0131daki kriterlere uygun yeteri kadar i\u015fyeri hekimi\/i\u015f g\u00fcvenli\u011fi uzman\u0131 eklenir.<br \/><br \/><\/p><table class=\"tb1\" border=\"0\" cellspacing=\"0\" cellpadding=\"0\"><tbody><tr><td width=\"25%\">\u00a0<\/td><td width=\"25%\"><b>Az Tehlikeli<\/b><\/td><td width=\"25%\"><b>Tehlikeli<\/b><\/td><td width=\"25%\"><b>\u00c7ok Tehlikeli<\/b><\/td><\/tr><tr><td>\u0130\u015f G\u00fcvenli\u011fi Uzman\u0131<\/td><td>10 Dk.<\/td><td>20 Dk.<\/td><td>40 Dk.<\/td><\/tr><tr><td>\u0130\u015fyeri Hekimi<\/td><td>5 Dk.<\/td><td>10 Dk.<\/td><td>15 Dk.<\/td><\/tr><tr><td>Di\u011fer Sa\u011fl\u0131k Personeli<\/td><td>&#8211;<\/td><td>&#8211;<\/td><td>*<\/td><\/tr><\/tbody><\/table><p><br \/>Yukar\u0131daki tabloda tehlike s\u0131n\u0131f\u0131na g\u00f6re , i\u015fyerinde \u00e7al\u0131\u015fan personel ba\u015f\u0131na al\u0131nmas\u0131 gerek yasal hizmet s\u00fcresi belirtilmi\u015ftir.<br \/><br \/><b>Di\u011fer Sa\u011fl\u0131k personeli hizmeti ise \u00c7ok Tehlikeli s\u0131n\u0131ftaki i\u015fyerlerinde ;<\/b>\u00a0<\/p><div class=\"wrapper\"><div class=\"container\"><div class=\"t1\"><div class=\"well\"><div class=\"pd\"><div class=\"editor\"><ul><li>10-49 aras\u0131 personelin bulundu\u011fu i\u015fyerlerinde personel ba\u015f\u0131na 10 Dk.<\/li><li>50-249 aras\u0131 personelin bulundu\u011fu i\u015fyerlerinde personel ba\u015f\u0131na 15 Dk.<\/li><li>250 ve \u00fczeri aras\u0131 personelin bulundu\u011fu i\u015fyerlerinde personel ba\u015f\u0131na 20 Dk. olarak hesaplanacakt\u0131r.<\/li><\/ul><\/div><\/div><\/div><\/div><\/div><div class=\"fh\">\u00a0<\/div><\/div><\/div>\n\t\t\t\t<\/div>\n\t\t\t\t<\/div>\n\t\t\t\t\t\t<\/div>\n\t\t\t<\/div>\n\t\t<\/div>\n\t\t\t\t\t\t<\/div>\n\t\t\t<\/div>\n\t\t<\/section>\n\t\t\t\t\t\t<\/div>\n\t\t\t<\/div>\n\t\t<\/div>\n\t\t","protected":false},"excerpt":{"rendered":"<p>Hizmet S\u00fcresi Hesaplama \u0130\u015f G\u00fcvenli\u011fi Uzman\u0131 Hesaplama \u00c7al\u0131\u015fan Say\u0131n\u0131z\u0131 Girin: Hesapla \u0130\u015eYER\u0130 TEHL\u0130KE SINIFI \u0130\u015eYER\u0130 HEK\u0130M\u0130 \u0130\u015e G\u00dcVENL\u0130\u011e\u0130 UZMANI D\u0130\u011eER SA\u011eLIK PERSONEL\u0130 AZ TEHL\u0130KEL\u0130 0 0<span class=\"excerpt-hellip\"> [\u2026]<\/span><\/p>\n","protected":false},"author":1,"featured_media":0,"parent":0,"menu_order":0,"comment_status":"closed","ping_status":"closed","template":"","meta":{"_joinchat":[],"footnotes":""},"class_list":["post-410","page","type-page","status-publish","hentry"],"_links":{"self":[{"href":"https:\/\/refleksosgb.com\/web\/wp-json\/wp\/v2\/pages\/410","targetHints":{"allow":["GET"]}}],"collection":[{"href":"https:\/\/refleksosgb.com\/web\/wp-json\/wp\/v2\/pages"}],"about":[{"href":"https:\/\/refleksosgb.com\/web\/wp-json\/wp\/v2\/types\/page"}],"author":[{"embeddable":true,"href":"https:\/\/refleksosgb.com\/web\/wp-json\/wp\/v2\/users\/1"}],"replies":[{"embeddable":true,"href":"https:\/\/refleksosgb.com\/web\/wp-json\/wp\/v2\/comments?post=410"}],"version-history":[{"count":69,"href":"https:\/\/refleksosgb.com\/web\/wp-json\/wp\/v2\/pages\/410\/revisions"}],"predecessor-version":[{"id":696,"href":"https:\/\/refleksosgb.com\/web\/wp-json\/wp\/v2\/pages\/410\/revisions\/696"}],"wp:attachment":[{"href":"https:\/\/refleksosgb.com\/web\/wp-json\/wp\/v2\/media?parent=410"}],"curies":[{"name":"wp","href":"https:\/\/api.w.org\/{rel}","templated":true}]}}