{"id":412,"date":"2020-08-22T13:02:55","date_gmt":"2020-08-22T13:02:55","guid":{"rendered":"https:\/\/refleksosgb.com\/web\/?page_id=412"},"modified":"2020-08-22T13:09:39","modified_gmt":"2020-08-22T13:09:39","slug":"online-hizmetler-isg-katip-sistemi-giris","status":"publish","type":"page","link":"https:\/\/refleksosgb.com\/web\/online-hizmetler-isg-katip-sistemi-giris\/","title":{"rendered":"Online Hizmetler &#8211; \u0130SG &#8211; KAT\u0130P S\u0130STEM\u0130 G\u0130R\u0130\u015e"},"content":{"rendered":"\t\t<div data-elementor-type=\"wp-page\" data-elementor-id=\"412\" class=\"elementor elementor-412\" data-elementor-settings=\"[]\">\n\t\t\t<div class=\"elementor-inner\">\n\t\t\t\t<div class=\"elementor-section-wrap\">\n\t\t\t\t\t\t\t<section data-particle_enable=\"false\" data-particle-mobile-disabled=\"false\" class=\"elementor-element elementor-element-d2e5687 elementor-section-stretched elementor-section-full_width elementor-section-height-default elementor-section-height-default elementor-section elementor-top-section\" data-id=\"d2e5687\" data-element_type=\"section\" data-settings=\"{&quot;stretch_section&quot;:&quot;section-stretched&quot;,&quot;background_background&quot;:&quot;classic&quot;}\">\n\t\t\t\t\t\t\t<div class=\"elementor-background-overlay\"><\/div>\n\t\t\t\t\t\t\t<div class=\"elementor-container elementor-column-gap-default\">\n\t\t\t\t<div class=\"elementor-row\">\n\t\t\t\t<div class=\"elementor-element elementor-element-3610694 elementor-column elementor-col-100 elementor-top-column\" data-id=\"3610694\" data-element_type=\"column\">\n\t\t\t<div class=\"elementor-column-wrap  elementor-element-populated\">\n\t\t\t\t\t<div class=\"elementor-widget-wrap\">\n\t\t\t\t<div class=\"elementor-element elementor-element-eb7093f elementor-widget elementor-widget-heading\" data-id=\"eb7093f\" data-element_type=\"widget\" data-widget_type=\"heading.default\">\n\t\t\t\t<div class=\"elementor-widget-container\">\n\t\t\t<h2 class=\"elementor-heading-title elementor-size-xl\">\u0130sg - Katip Sistemi Giri\u015f<\/h2>\t\t<\/div>\n\t\t\t\t<\/div>\n\t\t\t\t\t\t<\/div>\n\t\t\t<\/div>\n\t\t<\/div>\n\t\t\t\t\t\t<\/div>\n\t\t\t<\/div>\n\t\t<\/section>\n\t\t\t\t<section data-particle_enable=\"false\" data-particle-mobile-disabled=\"false\" class=\"elementor-element elementor-element-7da5a7f5 elementor-section-content-middle envato-kit-141-top-0 elementor-section-boxed elementor-section-height-default elementor-section-height-default elementor-section elementor-top-section\" data-id=\"7da5a7f5\" data-element_type=\"section\">\n\t\t\t\t\t\t\t<div class=\"elementor-background-overlay\"><\/div>\n\t\t\t\t\t\t\t<div class=\"elementor-container elementor-column-gap-wide\">\n\t\t\t\t<div class=\"elementor-row\">\n\t\t\t\t<div class=\"elementor-element elementor-element-725f061e elementor-column elementor-col-100 elementor-top-column\" data-id=\"725f061e\" data-element_type=\"column\">\n\t\t\t<div class=\"elementor-column-wrap  elementor-element-populated\">\n\t\t\t\t\t<div class=\"elementor-widget-wrap\">\n\t\t\t\t<div class=\"elementor-element elementor-element-2d9ac640 elementor-invisible elementor-widget elementor-widget-divider\" data-id=\"2d9ac640\" data-element_type=\"widget\" data-settings=\"{&quot;_animation&quot;:&quot;fadeIn&quot;,&quot;_animation_delay&quot;:300}\" data-widget_type=\"divider.default\">\n\t\t\t\t<div class=\"elementor-widget-container\">\n\t\t\t\t\t<div class=\"elementor-divider\">\n\t\t\t<span class=\"elementor-divider-separator\">\n\t\t\t\t\t\t<\/span>\n\t\t<\/div>\n\t\t\t\t<\/div>\n\t\t\t\t<\/div>\n\t\t\t\t<div class=\"elementor-element elementor-element-05996e9 elementor-widget elementor-widget-text-editor\" data-id=\"05996e9\" data-element_type=\"widget\" data-widget_type=\"text-editor.default\">\n\t\t\t\t<div class=\"elementor-widget-container\">\n\t\t\t\t\t<div class=\"elementor-text-editor elementor-clearfix\"><p style=\"font-weight: 400;\">Kanunen zorunlu olan \u0130SG hizmetlerinin online takibi i\u00e7in, \u0130SG Katip sistem geli\u015ftirmi\u015ftir. Sisteme buradan eri\u015febilirsiniz.<\/p><p><strong>\u0130SG-KAT\u0130P<\/strong>\u00a0Sistemini kullanabilmeniz i\u00e7in,\u00a0<strong>e-Devlet Kap\u0131s\u0131<\/strong>\u00a0\u00fczerinden\u00a0<strong>e-Devlet \u015eifresi, Mobil \u0130mza, Elektronik \u0130mza, T.C. Kimlik Kart\u0131<\/strong>\u00a0se\u00e7eneklerinden herhangi birisiyle giri\u015f yapman\u0131z gerekmektedir. Sisteme giri\u015fler sadece\u00a0<strong>e-Devlet Kap\u0131s\u0131<\/strong> \u00fczerinden yap\u0131labilmektedir. Giri\u015f i\u00e7in linkteki <strong>\u0130SG-KAT\u0130P Giri\u015f<\/strong>\u00a0butonuna t\u0131klay\u0131n\u0131z.<\/p><p><strong>\u0130SG Hizmeti Alan \u0130\u015fyerleri<\/strong>\u00a0i\u00e7in sadece\u00a0<strong>SGK E-Bildirge Kullan\u0131c\u0131lar\u0131<\/strong>\u00a0sisteme giri\u015f yapabilir.<\/p><p>T\u00fcm\u00a0<strong>Sorgulama ve Ba\u015fvurular<\/strong>\u00a0i\u00e7in sisteme\u00a0<strong>e-Devlet Kap\u0131s\u0131<\/strong> \u00fczerinden giri\u015f yapman\u0131z gerekmektedir.<\/p><\/div>\n\t\t\t\t<\/div>\n\t\t\t\t<\/div>\n\t\t\t\t<div class=\"elementor-element elementor-element-60744b8 elementor-widget elementor-widget-eael-creative-button\" data-id=\"60744b8\" data-element_type=\"widget\" data-widget_type=\"eael-creative-button.default\">\n\t\t\t\t<div class=\"elementor-widget-container\">\n\t\t\t\t<div class=\"eael-creative-button-wrapper\">\n\n\t\t<a class=\"eael-creative-button eael-creative-button--ujarak\" href=\"https:\/\/isgkatip.ailevecalisma.gov.tr\" target=\"_blank\" data-text=\"Go!\">\n\n\t\t\t<div class=\"creative-button-inner\">\n\n\t\t\t\t\t\t\t\t\t\t\t\t\t\t\t\t\t\t\t\t\t\t\t\t\t\t\t\t\t\t\t\t\t\t\t\t\t\n\t\t\t\t<span class=\"cretive-button-text\">\u0130SG Takip Sistemi<\/span>\n\n\t\t\t\t\n\t\t\t<\/div>\n\t\t<\/a>\n\t<\/div>\n\t\t\t<\/div>\n\t\t\t\t<\/div>\n\t\t\t\t\t\t<\/div>\n\t\t\t<\/div>\n\t\t<\/div>\n\t\t\t\t\t\t<\/div>\n\t\t\t<\/div>\n\t\t<\/section>\n\t\t\t\t\t\t<\/div>\n\t\t\t<\/div>\n\t\t<\/div>\n\t\t","protected":false},"excerpt":{"rendered":"<p>\u0130sg &#8211; Katip Sistemi Giri\u015f Kanunen zorunlu olan \u0130SG hizmetlerinin online takibi i\u00e7in, \u0130SG Katip sistem geli\u015ftirmi\u015ftir. Sisteme buradan eri\u015febilirsiniz. \u0130SG-KAT\u0130P\u00a0Sistemini kullanabilmeniz i\u00e7in,\u00a0e-Devlet Kap\u0131s\u0131\u00a0\u00fczerinden\u00a0e-Devlet \u015eifresi, Mobil<span class=\"excerpt-hellip\"> [\u2026]<\/span><\/p>\n","protected":false},"author":1,"featured_media":0,"parent":0,"menu_order":0,"comment_status":"closed","ping_status":"closed","template":"","meta":{"_joinchat":[],"footnotes":""},"class_list":["post-412","page","type-page","status-publish","hentry"],"_links":{"self":[{"href":"https:\/\/refleksosgb.com\/web\/wp-json\/wp\/v2\/pages\/412","targetHints":{"allow":["GET"]}}],"collection":[{"href":"https:\/\/refleksosgb.com\/web\/wp-json\/wp\/v2\/pages"}],"about":[{"href":"https:\/\/refleksosgb.com\/web\/wp-json\/wp\/v2\/types\/page"}],"author":[{"embeddable":true,"href":"https:\/\/refleksosgb.com\/web\/wp-json\/wp\/v2\/users\/1"}],"replies":[{"embeddable":true,"href":"https:\/\/refleksosgb.com\/web\/wp-json\/wp\/v2\/comments?post=412"}],"version-history":[{"count":3,"href":"https:\/\/refleksosgb.com\/web\/wp-json\/wp\/v2\/pages\/412\/revisions"}],"predecessor-version":[{"id":416,"href":"https:\/\/refleksosgb.com\/web\/wp-json\/wp\/v2\/pages\/412\/revisions\/416"}],"wp:attachment":[{"href":"https:\/\/refleksosgb.com\/web\/wp-json\/wp\/v2\/media?parent=412"}],"curies":[{"name":"wp","href":"https:\/\/api.w.org\/{rel}","templated":true}]}}