{"id":754,"date":"2020-09-15T19:18:28","date_gmt":"2020-09-15T19:18:28","guid":{"rendered":"https:\/\/refleksosgb.com\/web\/?page_id=754"},"modified":"2020-10-15T11:47:31","modified_gmt":"2020-10-15T11:47:31","slug":"insan-kaynaklari-politikasi","status":"publish","type":"page","link":"https:\/\/refleksosgb.com\/web\/insan-kaynaklari-politikasi\/","title":{"rendered":"\u0130nsan Kaynaklar\u0131 Politikas\u0131"},"content":{"rendered":"\t\t<div data-elementor-type=\"wp-page\" data-elementor-id=\"754\" class=\"elementor elementor-754\" data-elementor-settings=\"[]\">\n\t\t\t<div class=\"elementor-inner\">\n\t\t\t\t<div class=\"elementor-section-wrap\">\n\t\t\t\t\t\t\t<section data-particle_enable=\"false\" data-particle-mobile-disabled=\"false\" class=\"elementor-element elementor-element-66c297fd elementor-section-height-min-height elementor-section-full_width elementor-section-items-stretch elementor-section-stretched elementor-section-height-default elementor-section elementor-top-section\" data-id=\"66c297fd\" data-element_type=\"section\" data-settings=\"{&quot;stretch_section&quot;:&quot;section-stretched&quot;,&quot;background_background&quot;:&quot;classic&quot;}\">\n\t\t\t\t\t\t<div class=\"elementor-container elementor-column-gap-no\">\n\t\t\t\t<div class=\"elementor-row\">\n\t\t\t\t<div class=\"elementor-element elementor-element-11134098 elementor-column elementor-col-50 elementor-top-column\" data-id=\"11134098\" data-element_type=\"column\" data-settings=\"{&quot;background_background&quot;:&quot;classic&quot;}\">\n\t\t\t<div class=\"elementor-column-wrap  elementor-element-populated\">\n\t\t\t\t\t\t\t<div class=\"elementor-background-overlay\"><\/div>\n\t\t\t\t\t<div class=\"elementor-widget-wrap\">\n\t\t\t\t<section data-particle_enable=\"false\" data-particle-mobile-disabled=\"false\" class=\"elementor-element elementor-element-700d4d8c elementor-section-boxed elementor-section-height-default elementor-section-height-default elementor-section elementor-inner-section\" data-id=\"700d4d8c\" data-element_type=\"section\">\n\t\t\t\t\t\t<div class=\"elementor-container elementor-column-gap-no\">\n\t\t\t\t<div class=\"elementor-row\">\n\t\t\t\t<div class=\"elementor-element elementor-element-2d5acd7a elementor-column elementor-col-50 elementor-inner-column\" data-id=\"2d5acd7a\" data-element_type=\"column\">\n\t\t\t<div class=\"elementor-column-wrap  elementor-element-populated\">\n\t\t\t\t\t<div class=\"elementor-widget-wrap\">\n\t\t\t\t<div class=\"elementor-element elementor-element-5210fcda elementor-widget elementor-widget-heading\" data-id=\"5210fcda\" data-element_type=\"widget\" data-widget_type=\"heading.default\">\n\t\t\t\t<div class=\"elementor-widget-container\">\n\t\t\t<h3 class=\"elementor-heading-title elementor-size-default\">Refleks OSGB<\/h3>\t\t<\/div>\n\t\t\t\t<\/div>\n\t\t\t\t\t\t<\/div>\n\t\t\t<\/div>\n\t\t<\/div>\n\t\t\t\t<div class=\"elementor-element elementor-element-333c8f9f elementor-column elementor-col-50 elementor-inner-column\" data-id=\"333c8f9f\" data-element_type=\"column\">\n\t\t\t<div class=\"elementor-column-wrap  elementor-element-populated\">\n\t\t\t\t\t<div class=\"elementor-widget-wrap\">\n\t\t\t\t<div class=\"elementor-element elementor-element-41b2843f elementor-widget elementor-widget-divider\" data-id=\"41b2843f\" data-element_type=\"widget\" data-widget_type=\"divider.default\">\n\t\t\t\t<div class=\"elementor-widget-container\">\n\t\t\t\t\t<div class=\"elementor-divider\">\n\t\t\t<span class=\"elementor-divider-separator\">\n\t\t\t\t\t\t<\/span>\n\t\t<\/div>\n\t\t\t\t<\/div>\n\t\t\t\t<\/div>\n\t\t\t\t\t\t<\/div>\n\t\t\t<\/div>\n\t\t<\/div>\n\t\t\t\t\t\t<\/div>\n\t\t\t<\/div>\n\t\t<\/section>\n\t\t\t\t<div class=\"elementor-element elementor-element-46978c38 elementor-widget elementor-widget-heading\" data-id=\"46978c38\" data-element_type=\"widget\" data-widget_type=\"heading.default\">\n\t\t\t\t<div class=\"elementor-widget-container\">\n\t\t\t<h2 class=\"elementor-heading-title elementor-size-default\">\u0130nsan Kaynaklar\u0131 Politikas\u0131<\/h2>\t\t<\/div>\n\t\t\t\t<\/div>\n\t\t\t\t\t\t<\/div>\n\t\t\t<\/div>\n\t\t<\/div>\n\t\t\t\t<div class=\"elementor-element elementor-element-6711e891 elementor-column elementor-col-50 elementor-top-column\" data-id=\"6711e891\" data-element_type=\"column\">\n\t\t\t<div class=\"elementor-column-wrap  elementor-element-populated\">\n\t\t\t\t\t<div class=\"elementor-widget-wrap\">\n\t\t\t\t<div class=\"elementor-element elementor-element-6cb896c5 elementor-widget elementor-widget-heading\" data-id=\"6cb896c5\" data-element_type=\"widget\" data-widget_type=\"heading.default\">\n\t\t\t\t<div class=\"elementor-widget-container\">\n\t\t\t<h2 class=\"elementor-heading-title elementor-size-default\">\u0130nsan Kaynaklar\u0131 Politikas\u0131<\/h2>\t\t<\/div>\n\t\t\t\t<\/div>\n\t\t\t\t<div class=\"elementor-element elementor-element-1dc276d3 elementor-widget elementor-widget-text-editor\" data-id=\"1dc276d3\" data-element_type=\"widget\" data-widget_type=\"text-editor.default\">\n\t\t\t\t<div class=\"elementor-widget-container\">\n\t\t\t\t\t<div class=\"elementor-text-editor elementor-clearfix\"><p>\u015eirketimizin ve \u00fclkemizin gelecekteki ba\u015far\u0131l\u0131 \u00e7al\u0131\u015fanlar\u0131n\u0131 yeti\u015ftirmek ve yetenekli ki\u015filere, kar\u015f\u0131l\u0131kl\u0131 sayg\u0131ya,g\u00fcvene ve bilgiye dayal\u0131 verimli \u00e7al\u0131\u015fabilecekleri bir ortam sa\u011flayarak, hem yeteneklerinizi sergileyebilece\u011finiz, hem de bireysel geli\u015fimlerinizi s\u00fcrd\u00fcrebilece\u011finiz imkanlar\u0131 sizlere sunmak d\u00fc\u015f\u00fcncesindeyiz.<\/p><\/div>\n\t\t\t\t<\/div>\n\t\t\t\t<\/div>\n\t\t\t\t<div class=\"elementor-element elementor-element-67fe2f4b elementor-widget elementor-widget-heading\" data-id=\"67fe2f4b\" data-element_type=\"widget\" data-widget_type=\"heading.default\">\n\t\t\t\t<div class=\"elementor-widget-container\">\n\t\t\t<h2 class=\"elementor-heading-title elementor-size-default\">Ortak De\u011ferlerimiz<\/h2>\t\t<\/div>\n\t\t\t\t<\/div>\n\t\t\t\t<div class=\"elementor-element elementor-element-2b51324c elementor-widget elementor-widget-text-editor\" data-id=\"2b51324c\" data-element_type=\"widget\" data-widget_type=\"text-editor.default\">\n\t\t\t\t<div class=\"elementor-widget-container\">\n\t\t\t\t\t<div class=\"elementor-text-editor elementor-clearfix\"><p><strong>&#8211; \u0130\u015fi sahiplenme; <\/strong>T\u00fcm personelimizin yapt\u0131\u011f\u0131 i\u015fin olumlu ve olumsuz sonu\u00e7lar\u0131n\u0131n bilincinde olmas\u0131, yap\u0131lan faaliyetlerin, sadece personelin kendisine yada firmaya de\u011fil \u00fclke ekonomisine ve \u00e7a\u011f\u0131n standartlar\u0131na da etki edece\u011finin fark\u0131nda olunmas\u0131d\u0131r.<\/p><p><strong>&#8211; G\u00fcvenilir ve d\u00fcr\u00fcst olmak; <\/strong>Hi\u00e7 \u015f\u00fcphe yok ki huzurlu bir ortamda \u00e7al\u0131\u015fmak i\u00e7in en \u00f6nemli nokta kar\u015f\u0131l\u0131kl\u0131 duyulan g\u00fcvendir.<\/p><p><strong>&#8211; Kat\u0131l\u0131mc\u0131 ve payla\u015f\u0131mc\u0131 olmak; <\/strong>Tak\u0131m ruhu ve dayan\u0131\u015fma anlay\u0131\u015f\u0131na sahip insanlar\u0131n bir arada ve verimli \u00e7al\u0131\u015fabilmelerinin yolu y\u00fcksek bir kat\u0131l\u0131m ve payla\u015f\u0131m oran\u0131nda sakl\u0131d\u0131r.<\/p><p><strong>&#8211; Yarat\u0131c\u0131 ve yenilik\u00e7i; <\/strong>Hep bir ad\u0131m sonras\u0131n\u0131 d\u00fc\u015f\u00fcnen, \u00e7\u00f6z\u00fcm \u00fcretilebilen ve global bak\u0131\u015f a\u00e7\u0131s\u0131na sahip olmakt\u0131r.<\/p><p><strong>&#8211; \u0130\u00e7 ve d\u0131\u015f m\u00fc\u015fteri duyarl\u0131l\u0131\u011f\u0131 olan; <\/strong>\u0130\u015fletme i\u00e7inde \u00e7al\u0131\u015fma arkada\u015flar\u0131 ve i\u015fletme d\u0131\u015f\u0131ndaki m\u00fc\u015fterilerimizin \u015fikayet ve \u00f6nerilerine a\u00e7\u0131k olmakt\u0131r.<\/p><p><strong>&#8211; Esneklik; <\/strong>De\u011fi\u015fken ko\u015fullara uyum sa\u011flayabilmektir.<br \/><br \/><strong>&#8211; Zaman\u0131 Kullanabilme ; <\/strong>Hedefe ula\u015fman\u0131n ana temelinin iyi bir planlamadan ge\u00e7ti\u011finin bilincinde olmakt\u0131r.<br \/><br \/><strong>&#8211; Kendini geli\u015ftirme; <\/strong>Personelin yapt\u0131\u011f\u0131 i\u015fin, \u00f6ncesi ve sonras\u0131n\u0131 bilebilme iste\u011fi ve bu do\u011frultusunda t\u00fcm ara\u015ft\u0131rma, geli\u015ftirme, e\u011fitim ve \u00f6\u011frenimin s\u0131n\u0131rs\u0131zl\u0131\u011f\u0131 ilkelerine a\u00e7\u0131k olmakt\u0131r.<\/p><p><strong>&#8211; Dinamik; <\/strong>G\u00fcn\u00fcm\u00fczde maliyeti en y\u00fcksek de\u011fer olan zaman\u0131n, h\u0131zl\u0131 ve ekonomik kullanalarak maksimum verimin sa\u011flanmas\u0131d\u0131r.<br \/><br \/><strong>&#8211; Liderlik; <\/strong>\u0130nsan\u0131n kendisini ve \u00e7evresindekileri y\u00f6netebilme ve analitik d\u00fc\u015f\u00fcnebilme kabiliyetidir.<\/p><\/div>\n\t\t\t\t<\/div>\n\t\t\t\t<\/div>\n\t\t\t\t\t\t<\/div>\n\t\t\t<\/div>\n\t\t<\/div>\n\t\t\t\t\t\t<\/div>\n\t\t\t<\/div>\n\t\t<\/section>\n\t\t\t\t<section data-particle_enable=\"false\" data-particle-mobile-disabled=\"false\" class=\"elementor-element elementor-element-38247299 elementor-section-stretched elementor-section-boxed elementor-section-height-default elementor-section-height-default elementor-section elementor-top-section\" data-id=\"38247299\" data-element_type=\"section\" data-settings=\"{&quot;background_background&quot;:&quot;classic&quot;,&quot;stretch_section&quot;:&quot;section-stretched&quot;}\">\n\t\t\t\t\t\t\t<div class=\"elementor-background-overlay\"><\/div>\n\t\t\t\t\t\t\t<div class=\"elementor-container elementor-column-gap-default\">\n\t\t\t\t<div class=\"elementor-row\">\n\t\t\t\t<div class=\"elementor-element elementor-element-17c0cf21 elementor-column elementor-col-100 elementor-top-column\" data-id=\"17c0cf21\" data-element_type=\"column\">\n\t\t\t<div class=\"elementor-column-wrap  elementor-element-populated\">\n\t\t\t\t\t<div class=\"elementor-widget-wrap\">\n\t\t\t\t<div class=\"elementor-element elementor-element-3b87d0d4 elementor-align-center elementor-widget elementor-widget-button\" data-id=\"3b87d0d4\" data-element_type=\"widget\" data-widget_type=\"button.default\">\n\t\t\t\t<div class=\"elementor-widget-container\">\n\t\t\t\t\t<div class=\"elementor-button-wrapper\">\n\t\t\t<a href=\"https:\/\/refleksosgb.com\/web\/kariyer-basvuru\/\" class=\"elementor-button-link elementor-button elementor-size-sm\" role=\"button\">\n\t\t\t\t\t\t<span class=\"elementor-button-content-wrapper\">\n\t\t\t\t\t\t<span class=\"elementor-button-text\">Genel Ba\u015fvuru Formu<\/span>\n\t\t<\/span>\n\t\t\t\t\t<\/a>\n\t\t<\/div>\n\t\t\t\t<\/div>\n\t\t\t\t<\/div>\n\t\t\t\t\t\t<\/div>\n\t\t\t<\/div>\n\t\t<\/div>\n\t\t\t\t\t\t<\/div>\n\t\t\t<\/div>\n\t\t<\/section>\n\t\t\t\t\t\t<\/div>\n\t\t\t<\/div>\n\t\t<\/div>\n\t\t","protected":false},"excerpt":{"rendered":"<p>Refleks OSGB \u0130nsan Kaynaklar\u0131 Politikas\u0131 \u0130nsan Kaynaklar\u0131 Politikas\u0131 \u015eirketimizin ve \u00fclkemizin gelecekteki ba\u015far\u0131l\u0131 \u00e7al\u0131\u015fanlar\u0131n\u0131 yeti\u015ftirmek ve yetenekli ki\u015filere, kar\u015f\u0131l\u0131kl\u0131 sayg\u0131ya,g\u00fcvene ve bilgiye dayal\u0131 verimli \u00e7al\u0131\u015fabilecekleri bir<span class=\"excerpt-hellip\"> [\u2026]<\/span><\/p>\n","protected":false},"author":1,"featured_media":0,"parent":0,"menu_order":0,"comment_status":"closed","ping_status":"closed","template":"","meta":{"_joinchat":[],"footnotes":""},"class_list":["post-754","page","type-page","status-publish","hentry"],"_links":{"self":[{"href":"https:\/\/refleksosgb.com\/web\/wp-json\/wp\/v2\/pages\/754","targetHints":{"allow":["GET"]}}],"collection":[{"href":"https:\/\/refleksosgb.com\/web\/wp-json\/wp\/v2\/pages"}],"about":[{"href":"https:\/\/refleksosgb.com\/web\/wp-json\/wp\/v2\/types\/page"}],"author":[{"embeddable":true,"href":"https:\/\/refleksosgb.com\/web\/wp-json\/wp\/v2\/users\/1"}],"replies":[{"embeddable":true,"href":"https:\/\/refleksosgb.com\/web\/wp-json\/wp\/v2\/comments?post=754"}],"version-history":[{"count":16,"href":"https:\/\/refleksosgb.com\/web\/wp-json\/wp\/v2\/pages\/754\/revisions"}],"predecessor-version":[{"id":821,"href":"https:\/\/refleksosgb.com\/web\/wp-json\/wp\/v2\/pages\/754\/revisions\/821"}],"wp:attachment":[{"href":"https:\/\/refleksosgb.com\/web\/wp-json\/wp\/v2\/media?parent=754"}],"curies":[{"name":"wp","href":"https:\/\/api.w.org\/{rel}","templated":true}]}}